{"id":2,"date":"2016-09-26T16:34:19","date_gmt":"2016-09-26T16:34:19","guid":{"rendered":"http:\/\/www.hald-records.dk\/?page_id=2"},"modified":"2016-09-26T20:37:56","modified_gmt":"2016-09-26T20:37:56","slug":"sample-page","status":"publish","type":"page","link":"https:\/\/www.hald-records.dk\/","title":{"rendered":"Hald-Records"},"content":{"rendered":"<p>Man kan ikke sige at Hald-Records er et seri\u00f8st firma, det er n\u00e6rmere en meget seri\u00f8s fritidsbesk\u00e6ftigelse mest til eget brug.<\/p>\n<p>Studiet best\u00e5r af:<\/p>\n<blockquote>\n<ul>\n<li>16kvm studie lokale med akustik behandlede forhold til mix og master, som er tilsluttet 16 kanaler fra det 55kvm store tracking rum som er adskilt af en dobbeltmur. Det g\u00f8r forholdene meget gunstige til optagelse af f.eks. trommer og guitar.<\/li>\n<li>Jeg benytter Logic med dertilh\u00f8rende plugins og software instrumenter, s\u00e5 meget kan indspilles med MIDI fra studiet.<\/li>\n<li>Jeg r\u00e5der over en del instrumenter og har mikrofoner til at optage de fleste behov.<\/li>\n<\/ul>\n<\/blockquote>\n<p>&nbsp;<\/p>\n<p><img loading=\"lazy\" decoding=\"async\" class=\"size-medium wp-image-13 alignleft\" src=\"http:\/\/www.hald-records.dk\/wp-content\/uploads\/2016\/09\/profil-hald-rec-300x300.jpg\" alt=\"profil-hald-rec\" width=\"300\" height=\"300\" srcset=\"https:\/\/www.hald-records.dk\/wp-content\/uploads\/2016\/09\/profil-hald-rec-300x300.jpg 300w, https:\/\/www.hald-records.dk\/wp-content\/uploads\/2016\/09\/profil-hald-rec-150x150.jpg 150w, https:\/\/www.hald-records.dk\/wp-content\/uploads\/2016\/09\/profil-hald-rec-768x768.jpg 768w, https:\/\/www.hald-records.dk\/wp-content\/uploads\/2016\/09\/profil-hald-rec-830x830.jpg 830w, https:\/\/www.hald-records.dk\/wp-content\/uploads\/2016\/09\/profil-hald-rec-230x230.jpg 230w, https:\/\/www.hald-records.dk\/wp-content\/uploads\/2016\/09\/profil-hald-rec-350x350.jpg 350w, https:\/\/www.hald-records.dk\/wp-content\/uploads\/2016\/09\/profil-hald-rec-480x480.jpg 480w, https:\/\/www.hald-records.dk\/wp-content\/uploads\/2016\/09\/profil-hald-rec.jpg 960w\" sizes=\"auto, (max-width: 300px) 100vw, 300px\" \/>Min baggrund er at jeg selv spiller musik, trommer, guitar, klaver osv.. Jeg har v\u00e6ret lydmand til store og sm\u00e5 events (fra lydsystem p\u00e5 stadions, til festivaller, til mindre fester)\u00a0\u00a0og bliver brugt som tekniker og r\u00e5dgivning af installationer.<\/p>\n<p>Hemmeligheden er at n\u00f8jes, at k\u00f8be billigt ofte brugt, og s\u00e5 mest muligt ud af udstyret.<\/p>\n<p>Du er velkommen til at kontakte mig, men sandsynligheden for at tager imod en opgave er ikke stor.<\/p>\n","protected":false},"excerpt":{"rendered":"<p>Man kan ikke sige at Hald-Records er et seri\u00f8st firma, det er n\u00e6rmere en meget seri\u00f8s fritidsbesk\u00e6ftigelse mest til eget brug. Studiet [&hellip;]<\/p>\n","protected":false},"author":1,"featured_media":0,"parent":0,"menu_order":0,"comment_status":"closed","ping_status":"open","template":"","meta":{"footnotes":""},"class_list":["post-2","page","type-page","status-publish","hentry"],"_links":{"self":[{"href":"https:\/\/www.hald-records.dk\/index.php?rest_route=\/wp\/v2\/pages\/2","targetHints":{"allow":["GET"]}}],"collection":[{"href":"https:\/\/www.hald-records.dk\/index.php?rest_route=\/wp\/v2\/pages"}],"about":[{"href":"https:\/\/www.hald-records.dk\/index.php?rest_route=\/wp\/v2\/types\/page"}],"author":[{"embeddable":true,"href":"https:\/\/www.hald-records.dk\/index.php?rest_route=\/wp\/v2\/users\/1"}],"replies":[{"embeddable":true,"href":"https:\/\/www.hald-records.dk\/index.php?rest_route=%2Fwp%2Fv2%2Fcomments&post=2"}],"version-history":[{"count":3,"href":"https:\/\/www.hald-records.dk\/index.php?rest_route=\/wp\/v2\/pages\/2\/revisions"}],"predecessor-version":[{"id":14,"href":"https:\/\/www.hald-records.dk\/index.php?rest_route=\/wp\/v2\/pages\/2\/revisions\/14"}],"wp:attachment":[{"href":"https:\/\/www.hald-records.dk\/index.php?rest_route=%2Fwp%2Fv2%2Fmedia&parent=2"}],"curies":[{"name":"wp","href":"https:\/\/api.w.org\/{rel}","templated":true}]}}